{"id":315,"date":"2021-09-14T21:04:18","date_gmt":"2021-09-14T19:04:18","guid":{"rendered":"https:\/\/mietekszczesniak.pl\/?page_id=315"},"modified":"2021-09-21T11:58:47","modified_gmt":"2021-09-21T09:58:47","slug":"zrobmy-to-razem","status":"publish","type":"page","link":"https:\/\/mietekszczesniak.pl\/zrobmy-to-razem\/","title":{"rendered":"Zr\u00f3bmy to razem"},"content":{"rendered":"\n<p>Drodzy moi : <\/p>\n\n\n\n<p>Przyst\u0105pi\u0142em do Patronite.<small>Stw\u00f3rzmy razem przestrze\u0144, gdzie dobra muzyka, dobry tekst i talent wykonawczy b\u0119d\u0105 docenione i uszanowane. Gdzie tre\u015b\u0107 i forma, ambicja i poezja b\u0119d\u0105 atutami dla artyst\u00f3w i ich odbiorc\u00f3w.<\/small> Robi\u0119 to dla siebie i dla innych, mnie podobnych, w podobnej sytuacji.<\/p>\n\n\n\n<p>Wiem, jak by\u0142o, wiem jak jest , a &#8211; z Wami, dzi\u0119ki Wam &#8211; mo\u017cemy zmienia\u0107 to, co b\u0119dzie. Dlatego zdecydowa\u0142em zwr\u00f3ci\u0107 si\u0119 do Was z propozycj\u0105 takiej wsp\u00f3\u0142pracy. Je\u017celi podoba Wam si\u0119 m\u00f3j \u015bwiat, opowiadanie, ch\u0119ci i cele, je\u015bli cenicie moj\u0105 prac\u0119\u00a0&#8211; to propozycja dla Was. Je\u017celi mnie nie znacie &#8211; sprawd\u017acie to&#8230; 3majcie si\u0119 !<\/p>\n","protected":false},"excerpt":{"rendered":"<p>Drodzy moi : Przyst\u0105pi\u0142em do Patronite.Stw\u00f3rzmy razem przestrze\u0144, gdzie dobra muzyka, dobry tekst i talent wykonawczy b\u0119d\u0105 docenione i uszanowane. Gdzie tre\u015b\u0107 i forma, ambicja i poezja b\u0119d\u0105 atutami dla artyst\u00f3w i ich odbiorc\u00f3w. Robi\u0119 to dla siebie i dla innych, mnie podobnych, w podobnej sytuacji. Wiem, jak by\u0142o, wiem jak jest , a &#8211; [&hellip;]<\/p>\n","protected":false},"author":1,"featured_media":0,"parent":0,"menu_order":0,"comment_status":"closed","ping_status":"closed","template":"","meta":[],"_links":{"self":[{"href":"https:\/\/mietekszczesniak.pl\/wp-json\/wp\/v2\/pages\/315"}],"collection":[{"href":"https:\/\/mietekszczesniak.pl\/wp-json\/wp\/v2\/pages"}],"about":[{"href":"https:\/\/mietekszczesniak.pl\/wp-json\/wp\/v2\/types\/page"}],"author":[{"embeddable":true,"href":"https:\/\/mietekszczesniak.pl\/wp-json\/wp\/v2\/users\/1"}],"replies":[{"embeddable":true,"href":"https:\/\/mietekszczesniak.pl\/wp-json\/wp\/v2\/comments?post=315"}],"version-history":[{"count":2,"href":"https:\/\/mietekszczesniak.pl\/wp-json\/wp\/v2\/pages\/315\/revisions"}],"predecessor-version":[{"id":556,"href":"https:\/\/mietekszczesniak.pl\/wp-json\/wp\/v2\/pages\/315\/revisions\/556"}],"wp:attachment":[{"href":"https:\/\/mietekszczesniak.pl\/wp-json\/wp\/v2\/media?parent=315"}],"curies":[{"name":"wp","href":"https:\/\/api.w.org\/{rel}","templated":true}]}}