{"id":15,"date":"2020-07-11T00:09:41","date_gmt":"2020-07-10T22:09:41","guid":{"rendered":"https:\/\/mietekszczesniak.pl\/?page_id=15"},"modified":"2024-08-20T18:23:41","modified_gmt":"2024-08-20T16:23:41","slug":"koncerty","status":"publish","type":"page","link":"https:\/\/mietekszczesniak.pl\/koncerty\/","title":{"rendered":"Koncerty"},"content":{"rendered":"\n<p>NADCHODZ\u0104CE KONCERTY 2024 : <\/p>\n\n\n\n<p><strong>Maj<\/strong><\/p>\n\n\n\n<p>08.05 &#8211; Koncert prywatny\/zamkni\u0119ty &#8211; Katowice<\/p>\n\n\n\n<p>18.05 &#8211; Festiwal Zaczarowana Piosenka &#8211; Ogr\u00f3d Botaniczny UJ- Krak\u00f3w<\/p>\n\n\n\n<p>25.05 &#8211; TBA<\/p>\n\n\n\n<p><s>26.05<\/s> &#8211; <strong>KONCERT PRZENIESIONY &#8211; NOWY TERMIN WKR\u00d3TCE<\/strong> &#8211; The Best of &#8230;.- Jasiu W\u0119drowniczek &#8211; Ryman\u00f3w<\/p>\n\n\n\n<p>27.05 &#8211; TBA<\/p>\n\n\n\n<p>28.05 &#8211; TBA<\/p>\n\n\n\n<p><strong>Czerwiec<\/strong><\/p>\n\n\n\n<p>02.06 &#8211; 61 KFPP w Opolu<\/p>\n\n\n\n<p>08.06 &#8211; Koncert &#8211; Nieszawa<\/p>\n\n\n\n<p>14.06 &#8211; Koncert &#8211; Lubacz\u00f3w<\/p>\n\n\n\n<p>15.06 &#8211; Koncert z Orkiestr\u0105 Wojskow\u0105 &#8211; Katowice &#8211; TBA<\/p>\n\n\n\n<p>21.06 &#8211; Song from Yesterday &#8211; Mietek Szcze\u015bniak &amp; Krzysztof Herdzin Trio &#8211; Stara Kopalnia Wa\u0142brzych<\/p>\n\n\n\n<p>22.06 &#8211; Koncert z Orkiestr\u0105 Wojskow\u0105 &#8211; Opole &#8211; TBA<\/p>\n\n\n\n<p><\/p>\n\n\n\n<p><strong>Lipiec<\/strong><\/p>\n\n\n\n<p>23.07 &#8211; Koncert &#8211; Rewal<\/p>\n\n\n\n<p>24.07 &#8211; The Best Of &#8211; Radio Koszalin<\/p>\n\n\n\n<p>Si<strong>erpie\u0144<\/strong><\/p>\n\n\n\n<p>09 &#8211; 11.08 &#8211; I\u0142awa<\/p>\n\n\n\n<p>24 .08- Krasnobr\u00f3d<\/p>\n\n\n\n<p>30.08 &#8211; Medal Wolno\u015bci &#8211; Gda\u0144sk &#8211; Transmisja TVN 24<\/p>\n\n\n\n<p><strong>Wrzesie\u0144<\/strong><\/p>\n\n\n\n<p><\/p>\n\n\n\n<p>07.09 &#8211; Bydgoszcz &#8211; Pami\u0119ci Zauchy<\/p>\n\n\n\n<p>14.09 &#8211;  Kalisz &#8211; The Best Of &#8211; 40 lat na scenie &#8211; SOLD OUT<\/p>\n\n\n\n<p>20.09 &#8211;  Songs From Yesterday &#8211; Mietek Szcze\u015bniak &amp; Krzysztof Herdzin Trio &#8211; Tomasz\u00f3w Mazowiecki<\/p>\n\n\n\n<p><\/p>\n\n\n\n<p><strong>Pa\u017adziernik<\/strong><\/p>\n\n\n\n<p>11.10 &#8211; &#8211; The Best Of &#8211; 40 lat na scenie &#8211; Konin<\/p>\n\n\n\n<p>12.10 &#8211; Jeziorany &#8211; Jazz dla dzieci<\/p>\n\n\n\n<p>20.10 &#8211; \u017bnin &#8211; The Best Of &#8211; recital duet<\/p>\n\n\n\n<p>31 &#8211; Szczecin &#8211; Z Gospel Joy<\/p>\n\n\n\n<p><strong>Listopad<\/strong><\/p>\n\n\n\n<p>02.11 &#8211; In Memory of George Michael &#8211; Spodek Katowice<\/p>\n\n\n\n<p>08.11 &#8211; Wichrowe wzg\u00f3rza &#8211; The Best Of &#8211; 40 lat na scenie<\/p>\n\n\n\n<p>14.11 &#8211; Songs from Yesterday &#8211; Mietek Szcze\u015bniak &amp; Krzysztof Herdzin Trio &#8211; Lublin<\/p>\n\n\n\n<p>15.11 &#8211; Warszawa &#8211; TBA &#8211; Mietek &amp; Krzesimir D\u0119bski<\/p>\n\n\n\n<p>25.11 &#8211; Impreza zamkni\u0119ta<\/p>\n\n\n\n<p><strong>Grudzie\u0144<\/strong><\/p>\n\n\n\n<p>06.12 &#8211; Christmas Time &#8211; Opole<\/p>\n\n\n\n<p>07.12 &#8211; Christmas Time &#8211; Ostr\u00f3w Wlkp.<\/p>\n\n\n\n<p>14.12 &#8211; Christmas Time &#8211; Gdynia<\/p>\n\n\n\n<p>15.12 &#8211; Christmas Time &#8211; Wroc\u0142aw<\/p>\n\n\n\n<p>20.12 &#8211; Christmas Time &#8211; Pozna\u0144<\/p>\n\n\n\n<p>22.12 &#8211; The best of &amp; Christmas &#8211; \u0141uk\u00f3w<\/p>\n\n\n\n<p>28.12 &#8211; When a man loves a woman&#8230; &#8211; Cavatina Hall &#8211; Bielsko Bia\u0142a<\/p>\n\n\n\n<p><strong>2025<\/strong><\/p>\n\n\n\n<p><strong>Luty<\/strong><\/p>\n\n\n\n<p>08.02 &#8211; Warsztaty &#8211; Nowohuckie Centrum Kultury<\/p>\n\n\n\n<p>09.02 &#8211; The Best Of &#8211; 40 lat na scenie &#8211; Nowohuckie Centrum Kultury<\/p>\n\n\n\n<p>14.02 &#8211; The Best Of &#8211; 40 lat na scenie &#8211; Opole &#8211; NCPP sala kameralna<\/p>\n\n\n\n<p><strong>Marzec<\/strong><\/p>\n\n\n\n<p>23.03 &#8211; When a Man Loves a Woman vol.2<\/p>\n\n\n\n<p><strong>Listopad<\/strong><\/p>\n\n\n\n<p>16 &#8211; Teatr Ziemie Rybnickiej &#8211; Rybnik<\/p>\n\n\n\n<figure class=\"wp-block-gallery columns-1 is-cropped\"><ul class=\"blocks-gallery-grid\"><li class=\"blocks-gallery-item\"><figure><img loading=\"lazy\" width=\"1200\" height=\"778\" src=\"https:\/\/mietekszczesniak.pl\/wp-content\/uploads\/2021\/09\/x2-scaled-3-1200x778.jpg\" alt=\"\" data-id=\"550\" data-full-url=\"https:\/\/mietekszczesniak.pl\/wp-content\/uploads\/2021\/09\/x2-scaled-3.jpg\" data-link=\"https:\/\/mietekszczesniak.pl\/nierowni\/x2-scaled\/\" class=\"wp-image-550\" srcset=\"https:\/\/mietekszczesniak.pl\/wp-content\/uploads\/2021\/09\/x2-scaled-3-1200x778.jpg 1200w, https:\/\/mietekszczesniak.pl\/wp-content\/uploads\/2021\/09\/x2-scaled-3-600x389.jpg 600w, https:\/\/mietekszczesniak.pl\/wp-content\/uploads\/2021\/09\/x2-scaled-3-768x498.jpg 768w, https:\/\/mietekszczesniak.pl\/wp-content\/uploads\/2021\/09\/x2-scaled-3-1536x995.jpg 1536w, https:\/\/mietekszczesniak.pl\/wp-content\/uploads\/2021\/09\/x2-scaled-3-2048x1327.jpg 2048w\" sizes=\"(max-width: 1200px) 100vw, 1200px\" \/><\/figure><\/li><\/ul><\/figure>\n\n\n\n<p><\/p>\n\n\n\n<p><\/p>\n\n\n\n<p>ARCHIWUM KONCERT\u00d3W :<\/p>\n\n\n\n<p>17 marca 2018 &#8211; Racib\u00f3rz &#8211; duet z T. Ka\u0142wakiem<br>22 marca 2018 &#8211; trio Adam&amp;Marcin z kwintetem Kostrzyn<br>24 marca 2018 &#8211; przeboje &#8211; Mr\u0105gowo<br>6 kwietnia 2018 &#8211; \u017byrard\u00f3w &#8211; Deus Meus<br>18 maja 2018 &#8211; Nier\u00f3wni &#8211; Wytw\u00f3rnia &#8211; \u0141\u00f3d\u017a<br>24 maja 2018 &#8211; Nier\u00f3wni &#8211; Jazz Cafe \u0141omianki<br>25 maja 2018 &#8211; Marriott Warszawa &#8211; Nier\u00f3wni<br>27 maja 2018 &#8211; Nier\u00f3wni &#8211; Strzegom<br>30 maja 2018 &nbsp;&#8211; Gdynia &#8211; klub Atlantic<br>2 czerwca 2018 &#8211; Trzebnica<br>3 czerwca 2018 &nbsp;&#8211; Warszawa Wilan\u00f3w<br>9 czerwca 2019 &#8211; \u0141om\u017ca z TGD<br>20 czerwca 2018 &#8211; Pozna\u0144 (Spot resturacja) przeboje<br>13 lipca 2018 &#8211; Toru\u0144 &#8211; SOS Music Festival (dodatkowy set z Deus Meus)<br>5 sierpnia 2018 &#8211; 4 sierpnia 2019 &#8211; Nowe Skalmierzyce &#8211; Festiwal Abba Pater<br>25 sierpnia 2018 &#8211; Bobrowniki \u015al\u0105skie &#8211; przeboje<br>31 sierpnia 2018 &#8211; Nier\u00f3wni &#8211; Geyer Music Factory \u0141\u00f3d\u017a<br>13 wrze\u015bnia 2018 &#8211; Nier\u00f3wni &#8211; Pozna\u0144 teatr Wlk<br>14 wrze\u015bnia 2018 &#8211; Nier\u00f3wni &#8211; Police<br>15 wrze\u015bnia 2018 &#8211; Barwy Niepodleg\u0142ej &#8211; \u0141\u00f3d\u017a Teatr Wieki<br>20 wrze\u015bnia 2018 &#8211; Nier\u00f3wni &#8211; Mediateka Tychy<br>21 wrze\u015bnia 2018 &#8211; Nier\u00f3wni Rancho Baran\u00f3wka &#8211; Nowa Wie\u015b Tworoska<br>23 wrze\u015bnia 2018 Nier\u00f3wni &#8211; Mys\u0142owice<br>28 wrze\u015bnia 2018 Nier\u00f3wni &#8211; Teatr Syrena &#8211; Warszawa<br>29 wrze\u015bnia 2018 \u0141om\u017ca<br>30 wrze\u015bnia 2018 &#8211; Nier\u00f3wni &#8211; W\u0142odawa &#8211; Festiwal 3 Kultur<br>2 pa\u017adziernika 2018 &#8211; Hotel Rzesz\u00f3w &#8211; Rzesz\u00f3w przeboje<br>6 pa\u017adziernika &#8211; Nier\u00f3wni &#8211; Cieszyn<br>7 pa\u017adziernika &#8211; Nier\u00f3wni &#8211; Gliwice<br>13 pa\u017adziernika &#8211; Nier\u00f3wni &#8211; Kalisz<br>14 pa\u017adziernika &#8211; Nier\u00f3wni &#8211; Zielona G\u00f3ra<br>11 listopada 2018 &#8211; Nier\u00f3wni z Orkiestr\u0105 Filharmoii Rybnickiej &#8211; Rybnik<br>17 listopada 2018 &#8211; Nier\u00f3wni &#8211; K\u0142odzko (zaduszki jazzowe)<br>18 listopada 2018 &#8211; Katowice NOSPR &#8211; msza Mo\u017cd\u017cera (Festiwal Gorczyckiego) + recital w\u0142asny (Nier\u00f3wni)<br>23 listopada 2018 &#8211; Nier\u00f3wni &#8211; salon Volvo Warszawa<br>7 grudnia 2018 &#8211; Nier\u00f3wni &#8211; Pszczyna<br>8 grudnia 2018 &#8211; Nier\u00f3wni z AUKSO &#8211; Katowice NOSPR<br>30 grudnia 2018 &#8211; Granowo &#8211; duet z P. Tomaszewskim<br>5 stycznia 2019 Suchy Las &#8211; Kol\u0119dy z zespo\u0142em<br>6 stycznia 2019 Stara Iwiczna &#8211; Kol\u0119dy z zespo\u0142em<br>7 stycznia 2019 Tychy &#8211; Kol\u0119dy z zespo\u0142em<\/p>\n\n\n\n<p>\u2026 USA \u2026( praca nad now\u0105 p\u0142yt\u0105 z afroamerykanskim ch\u00f3rem Life Choir pod kierunkiem HB Barnum z Los Angeles)<\/p>\n\n\n\n<p>25 kwietnis 2019 Klub Sen Warszawa &#8211; Songs from Yesterday<br>26 kwietnia 2019 Skierniewice<br>18 maja 2019 Wadowice &#8211; projekt Decalogue<br>19 maja 2019 Gorz\u00f3w Wlkp.&nbsp;<br>29 maja 2019 &#8211; Katowice<br>1 czerwca 2019 &#8211; Pozna\u0144<br>2 czerwca 2019 &#8211; Warszawa Ursus<br>8 czerwca 2019 &#8211; K\u0105\u015bna Dln.<br>15 czerwca 2019 &#8211; Wi\u015blica<br>22 czerwca 2019 &#8211; Oborniki \u015alsk.<br>4 sierpnia 2019 &#8211; Kalisz &#8211; Festiwal Abba Pater<\/p>\n","protected":false},"excerpt":{"rendered":"<p>NADCHODZ\u0104CE KONCERTY 2024 : Maj 08.05 &#8211; Koncert prywatny\/zamkni\u0119ty &#8211; Katowice 18.05 &#8211; Festiwal Zaczarowana Piosenka &#8211; Ogr\u00f3d Botaniczny UJ- Krak\u00f3w 25.05 &#8211; TBA 26.05 &#8211; KONCERT PRZENIESIONY &#8211; NOWY TERMIN WKR\u00d3TCE &#8211; The Best of &#8230;.- Jasiu W\u0119drowniczek &#8211; Ryman\u00f3w 27.05 &#8211; TBA 28.05 &#8211; TBA Czerwiec 02.06 &#8211; 61 KFPP w Opolu 08.06 [&hellip;]<\/p>\n","protected":false},"author":1,"featured_media":0,"parent":0,"menu_order":0,"comment_status":"closed","ping_status":"closed","template":"","meta":[],"_links":{"self":[{"href":"https:\/\/mietekszczesniak.pl\/wp-json\/wp\/v2\/pages\/15"}],"collection":[{"href":"https:\/\/mietekszczesniak.pl\/wp-json\/wp\/v2\/pages"}],"about":[{"href":"https:\/\/mietekszczesniak.pl\/wp-json\/wp\/v2\/types\/page"}],"author":[{"embeddable":true,"href":"https:\/\/mietekszczesniak.pl\/wp-json\/wp\/v2\/users\/1"}],"replies":[{"embeddable":true,"href":"https:\/\/mietekszczesniak.pl\/wp-json\/wp\/v2\/comments?post=15"}],"version-history":[{"count":15,"href":"https:\/\/mietekszczesniak.pl\/wp-json\/wp\/v2\/pages\/15\/revisions"}],"predecessor-version":[{"id":607,"href":"https:\/\/mietekszczesniak.pl\/wp-json\/wp\/v2\/pages\/15\/revisions\/607"}],"wp:attachment":[{"href":"https:\/\/mietekszczesniak.pl\/wp-json\/wp\/v2\/media?parent=15"}],"curies":[{"name":"wp","href":"https:\/\/api.w.org\/{rel}","templated":true}]}}