{"id":13,"date":"2020-07-11T00:09:23","date_gmt":"2020-07-10T22:09:23","guid":{"rendered":"https:\/\/mietekszczesniak.pl\/?page_id=13"},"modified":"2021-09-21T12:10:23","modified_gmt":"2021-09-21T10:10:23","slug":"do-pobrania","status":"publish","type":"page","link":"https:\/\/mietekszczesniak.pl\/do-pobrania\/","title":{"rendered":"Do pobrania"},"content":{"rendered":"\n<h3><\/h3>\n\n\n\n<div class=\"wp-block-file\"><a href=\"https:\/\/mietekszczesniak.pl\/wp-content\/uploads\/2021\/03\/Mieczyslaw-Szczesniak-zespolem-rider-techniczny.pdf\">Mieczys\u0142aw Szcze\u015bniak z zespo\u0142em &#8211; Rider techniczny<\/a><a href=\"https:\/\/mietekszczesniak.pl\/wp-content\/uploads\/2021\/03\/Mieczyslaw-Szczesniak-zespolem-rider-techniczny.pdf\" class=\"wp-block-file__button\" download>Pobierz<\/a><\/div>\n\n\n\n<div class=\"wp-block-file\"><a href=\"https:\/\/mietekszczesniak.pl\/wp-content\/uploads\/2021\/03\/Mieczyslaw-Szczesniak-Nierowni-bez-kwartetu-Rider-1.pdf\">Mieczys\u0142aw Szcze\u015bniak Nier\u00f3wni bez kwartetu &#8211; Rider<\/a><a href=\"https:\/\/mietekszczesniak.pl\/wp-content\/uploads\/2021\/03\/Mieczyslaw-Szczesniak-Nierowni-bez-kwartetu-Rider-1.pdf\" class=\"wp-block-file__button\" download>Pobierz<\/a><\/div>\n\n\n\n<div class=\"wp-block-file\"><a href=\"https:\/\/mietekszczesniak.pl\/wp-content\/uploads\/2021\/03\/Mieczyslaw-Szczesniak-Nierowni-full-set-Rider-1.pdf\">Mieczys\u0142aw Szcze\u015bniak &#8211; Nier\u00f3wni &#8211; Rider<\/a><a href=\"https:\/\/mietekszczesniak.pl\/wp-content\/uploads\/2021\/03\/Mieczyslaw-Szczesniak-Nierowni-full-set-Rider-1.pdf\" class=\"wp-block-file__button\" download>Pobierz<\/a><\/div>\n\n\n\n<div class=\"wp-block-file\"><a href=\"https:\/\/mietekszczesniak.pl\/wp-content\/uploads\/2021\/03\/Mieczyslaw-Szczesniak-z-pianista_-Rider-1.pdf\">Mieczys\u0142aw Szcze\u015bniak z pianist\u0105 &#8211; Rider<\/a><a href=\"https:\/\/mietekszczesniak.pl\/wp-content\/uploads\/2021\/03\/Mieczyslaw-Szczesniak-z-pianista_-Rider-1.pdf\" class=\"wp-block-file__button\" download>Pobierz<\/a><\/div>\n\n\n\n<div class=\"wp-block-file\"><a href=\"https:\/\/mietekszczesniak.pl\/wp-content\/uploads\/2021\/09\/nierowni_zdjecia.zip\">Zdj\u0119cia do pobrania<\/a><a href=\"https:\/\/mietekszczesniak.pl\/wp-content\/uploads\/2021\/09\/nierowni_zdjecia.zip\" class=\"wp-block-file__button\" download>Pobierz<\/a><\/div>\n","protected":false},"excerpt":{"rendered":"<p>Mieczys\u0142aw Szcze\u015bniak z zespo\u0142em &#8211; Rider technicznyPobierz Mieczys\u0142aw Szcze\u015bniak Nier\u00f3wni bez kwartetu &#8211; RiderPobierz Mieczys\u0142aw Szcze\u015bniak &#8211; Nier\u00f3wni &#8211; RiderPobierz Mieczys\u0142aw Szcze\u015bniak z pianist\u0105 &#8211; RiderPobierz Zdj\u0119cia do pobraniaPobierz<\/p>\n","protected":false},"author":1,"featured_media":0,"parent":0,"menu_order":0,"comment_status":"closed","ping_status":"closed","template":"","meta":[],"_links":{"self":[{"href":"https:\/\/mietekszczesniak.pl\/wp-json\/wp\/v2\/pages\/13"}],"collection":[{"href":"https:\/\/mietekszczesniak.pl\/wp-json\/wp\/v2\/pages"}],"about":[{"href":"https:\/\/mietekszczesniak.pl\/wp-json\/wp\/v2\/types\/page"}],"author":[{"embeddable":true,"href":"https:\/\/mietekszczesniak.pl\/wp-json\/wp\/v2\/users\/1"}],"replies":[{"embeddable":true,"href":"https:\/\/mietekszczesniak.pl\/wp-json\/wp\/v2\/comments?post=13"}],"version-history":[{"count":10,"href":"https:\/\/mietekszczesniak.pl\/wp-json\/wp\/v2\/pages\/13\/revisions"}],"predecessor-version":[{"id":557,"href":"https:\/\/mietekszczesniak.pl\/wp-json\/wp\/v2\/pages\/13\/revisions\/557"}],"wp:attachment":[{"href":"https:\/\/mietekszczesniak.pl\/wp-json\/wp\/v2\/media?parent=13"}],"curies":[{"name":"wp","href":"https:\/\/api.w.org\/{rel}","templated":true}]}}